{"id":33244,"date":"2025-09-23T11:15:39","date_gmt":"2025-09-23T15:15:39","guid":{"rendered":"https:\/\/www.legroupemaurice.com\/?page_id=33244"},"modified":"2025-10-06T07:51:56","modified_gmt":"2025-10-06T11:51:56","slug":"agesofliving","status":"publish","type":"page","link":"https:\/\/www.legroupemaurice.com\/en\/agesofliving\/","title":{"rendered":"Ages of Living"},"content":{"rendered":"","protected":false},"excerpt":{"rendered":"","protected":false},"author":2,"featured_media":33297,"parent":0,"menu_order":0,"comment_status":"closed","ping_status":"closed","template":"","meta":{"_acf_changed":false,"inline_featured_image":false,"footnotes":""},"class_list":["post-33244","page","type-page","status-publish","has-post-thumbnail","hentry"],"acf":[],"yoast_head":"<!-- This site is optimized with the Yoast SEO Premium plugin v25.3.1 (Yoast SEO v25.3.1) - https:\/\/yoast.com\/wordpress\/plugins\/seo\/ -->\n<title>Ages of Living | Le Groupe Maurice<\/title>\n<meta name=\"description\" content=\"Discover the Ages of Living project, created in partnership with Pre&amp;ent, offers a collection of inclusive images\" \/>\n<meta name=\"robots\" content=\"index, follow, max-snippet:-1, max-image-preview:large, max-video-preview:-1\" \/>\n<link rel=\"canonical\" href=\"https:\/\/www.legroupemaurice.com\/en\/agesofliving\/\" \/>\n<meta property=\"og:locale\" content=\"en_US\" \/>\n<meta property=\"og:type\" content=\"article\" \/>\n<meta property=\"og:title\" content=\"Ages of Living\" \/>\n<meta property=\"og:description\" content=\"Discover the Ages of Living project, created in partnership with Pre&amp;ent, offers a collection of inclusive images\" \/>\n<meta property=\"og:url\" content=\"https:\/\/www.legroupemaurice.com\/en\/agesofliving\/\" \/>\n<meta property=\"og:site_name\" content=\"Le Groupe Maurice\" \/>\n<meta property=\"article:publisher\" content=\"https:\/\/www.facebook.com\/legroupemaurice\/\" \/>\n<meta property=\"article:modified_time\" content=\"2025-10-06T11:51:56+00:00\" \/>\n<meta property=\"og:image\" content=\"https:\/\/groupemaurice.tor1.digitaloceanspaces.com\/app\/uploads\/2025\/09\/DSC3159-scaled.jpg\" \/>\n\t<meta property=\"og:image:width\" content=\"2560\" \/>\n\t<meta property=\"og:image:height\" content=\"1707\" \/>\n\t<meta property=\"og:image:type\" content=\"image\/jpeg\" \/>\n<meta name=\"twitter:card\" content=\"summary_large_image\" \/>\n<meta name=\"twitter:label1\" content=\"Est. reading time\" \/>\n\t<meta name=\"twitter:data1\" content=\"1 minute\" \/>\n<script type=\"application\/ld+json\" class=\"yoast-schema-graph\">{\"@context\":\"https:\/\/schema.org\",\"@graph\":[{\"@type\":\"WebPage\",\"@id\":\"https:\/\/www.legroupemaurice.com\/en\/agesofliving\/\",\"url\":\"https:\/\/www.legroupemaurice.com\/en\/agesofliving\/\",\"name\":\"Ages of Living | Le Groupe Maurice\",\"isPartOf\":{\"@id\":\"https:\/\/www.legroupemaurice.com\/en\/#website\"},\"primaryImageOfPage\":{\"@id\":\"https:\/\/www.legroupemaurice.com\/en\/agesofliving\/#primaryimage\"},\"image\":{\"@id\":\"https:\/\/www.legroupemaurice.com\/en\/agesofliving\/#primaryimage\"},\"thumbnailUrl\":\"https:\/\/groupemaurice.tor1.digitaloceanspaces.com\/app\/uploads\/2025\/09\/CORPO-2025-06_AgeDeVivre-Courriel_1260x700_SFW-scaled.jpg\",\"datePublished\":\"2025-09-23T15:15:39+00:00\",\"dateModified\":\"2025-10-06T11:51:56+00:00\",\"description\":\"Discover the Ages of Living project, created in partnership with Pre&ent, offers a collection of inclusive images\",\"breadcrumb\":{\"@id\":\"https:\/\/www.legroupemaurice.com\/en\/agesofliving\/#breadcrumb\"},\"inLanguage\":\"en-CA\",\"potentialAction\":[{\"@type\":\"ReadAction\",\"target\":[\"https:\/\/www.legroupemaurice.com\/en\/agesofliving\/\"]}]},{\"@type\":\"ImageObject\",\"inLanguage\":\"en-CA\",\"@id\":\"https:\/\/www.legroupemaurice.com\/en\/agesofliving\/#primaryimage\",\"url\":\"https:\/\/groupemaurice.tor1.digitaloceanspaces.com\/app\/uploads\/2025\/09\/CORPO-2025-06_AgeDeVivre-Courriel_1260x700_SFW-scaled.jpg\",\"contentUrl\":\"https:\/\/groupemaurice.tor1.digitaloceanspaces.com\/app\/uploads\/2025\/09\/CORPO-2025-06_AgeDeVivre-Courriel_1260x700_SFW-scaled.jpg\",\"width\":2560,\"height\":1422,\"caption\":\"Collection d'Images \u00e2ges de Vivre - Le Groupe Maurice - R\u00e9sidences pour personnes \u00e2g\u00e9es\"},{\"@type\":\"BreadcrumbList\",\"@id\":\"https:\/\/www.legroupemaurice.com\/en\/agesofliving\/#breadcrumb\",\"itemListElement\":[{\"@type\":\"ListItem\",\"position\":1,\"name\":\"Home\",\"item\":\"https:\/\/www.legroupemaurice.com\/en\/\"},{\"@type\":\"ListItem\",\"position\":2,\"name\":\"Ages of Living\"}]},{\"@type\":\"WebSite\",\"@id\":\"https:\/\/www.legroupemaurice.com\/en\/#website\",\"url\":\"https:\/\/www.legroupemaurice.com\/en\/\",\"name\":\"Le Groupe Maurice\",\"description\":\"\",\"potentialAction\":[{\"@type\":\"SearchAction\",\"target\":{\"@type\":\"EntryPoint\",\"urlTemplate\":\"https:\/\/www.legroupemaurice.com\/en\/?s={search_term_string}\"},\"query-input\":{\"@type\":\"PropertyValueSpecification\",\"valueRequired\":true,\"valueName\":\"search_term_string\"}}],\"inLanguage\":\"en-CA\"}]}<\/script>\n<!-- \/ Yoast SEO Premium plugin. -->","yoast_head_json":{"title":"Ages of Living | Le Groupe Maurice","description":"Discover the Ages of Living project, created in partnership with Pre&ent, offers a collection of inclusive images","robots":{"index":"index","follow":"follow","max-snippet":"max-snippet:-1","max-image-preview":"max-image-preview:large","max-video-preview":"max-video-preview:-1"},"canonical":"https:\/\/www.legroupemaurice.com\/en\/agesofliving\/","og_locale":"en_US","og_type":"article","og_title":"Ages of Living","og_description":"Discover the Ages of Living project, created in partnership with Pre&ent, offers a collection of inclusive images","og_url":"https:\/\/www.legroupemaurice.com\/en\/agesofliving\/","og_site_name":"Le Groupe Maurice","article_publisher":"https:\/\/www.facebook.com\/legroupemaurice\/","article_modified_time":"2025-10-06T11:51:56+00:00","og_image":[{"width":2560,"height":1707,"url":"https:\/\/groupemaurice.tor1.digitaloceanspaces.com\/app\/uploads\/2025\/09\/DSC3159-scaled.jpg","type":"image\/jpeg"}],"twitter_card":"summary_large_image","twitter_misc":{"Est. reading time":"1 minute"},"schema":{"@context":"https:\/\/schema.org","@graph":[{"@type":"WebPage","@id":"https:\/\/www.legroupemaurice.com\/en\/agesofliving\/","url":"https:\/\/www.legroupemaurice.com\/en\/agesofliving\/","name":"Ages of Living | Le Groupe Maurice","isPartOf":{"@id":"https:\/\/www.legroupemaurice.com\/en\/#website"},"primaryImageOfPage":{"@id":"https:\/\/www.legroupemaurice.com\/en\/agesofliving\/#primaryimage"},"image":{"@id":"https:\/\/www.legroupemaurice.com\/en\/agesofliving\/#primaryimage"},"thumbnailUrl":"https:\/\/groupemaurice.tor1.digitaloceanspaces.com\/app\/uploads\/2025\/09\/CORPO-2025-06_AgeDeVivre-Courriel_1260x700_SFW-scaled.jpg","datePublished":"2025-09-23T15:15:39+00:00","dateModified":"2025-10-06T11:51:56+00:00","description":"Discover the Ages of Living project, created in partnership with Pre&ent, offers a collection of inclusive images","breadcrumb":{"@id":"https:\/\/www.legroupemaurice.com\/en\/agesofliving\/#breadcrumb"},"inLanguage":"en-CA","potentialAction":[{"@type":"ReadAction","target":["https:\/\/www.legroupemaurice.com\/en\/agesofliving\/"]}]},{"@type":"ImageObject","inLanguage":"en-CA","@id":"https:\/\/www.legroupemaurice.com\/en\/agesofliving\/#primaryimage","url":"https:\/\/groupemaurice.tor1.digitaloceanspaces.com\/app\/uploads\/2025\/09\/CORPO-2025-06_AgeDeVivre-Courriel_1260x700_SFW-scaled.jpg","contentUrl":"https:\/\/groupemaurice.tor1.digitaloceanspaces.com\/app\/uploads\/2025\/09\/CORPO-2025-06_AgeDeVivre-Courriel_1260x700_SFW-scaled.jpg","width":2560,"height":1422,"caption":"Collection d'Images \u00e2ges de Vivre - Le Groupe Maurice - R\u00e9sidences pour personnes \u00e2g\u00e9es"},{"@type":"BreadcrumbList","@id":"https:\/\/www.legroupemaurice.com\/en\/agesofliving\/#breadcrumb","itemListElement":[{"@type":"ListItem","position":1,"name":"Home","item":"https:\/\/www.legroupemaurice.com\/en\/"},{"@type":"ListItem","position":2,"name":"Ages of Living"}]},{"@type":"WebSite","@id":"https:\/\/www.legroupemaurice.com\/en\/#website","url":"https:\/\/www.legroupemaurice.com\/en\/","name":"Le Groupe Maurice","description":"","potentialAction":[{"@type":"SearchAction","target":{"@type":"EntryPoint","urlTemplate":"https:\/\/www.legroupemaurice.com\/en\/?s={search_term_string}"},"query-input":{"@type":"PropertyValueSpecification","valueRequired":true,"valueName":"search_term_string"}}],"inLanguage":"en-CA"}]}},"_links":{"self":[{"href":"https:\/\/www.legroupemaurice.com\/en\/wp-json\/wp\/v2\/pages\/33244","targetHints":{"allow":["GET"]}}],"collection":[{"href":"https:\/\/www.legroupemaurice.com\/en\/wp-json\/wp\/v2\/pages"}],"about":[{"href":"https:\/\/www.legroupemaurice.com\/en\/wp-json\/wp\/v2\/types\/page"}],"author":[{"embeddable":true,"href":"https:\/\/www.legroupemaurice.com\/en\/wp-json\/wp\/v2\/users\/2"}],"replies":[{"embeddable":true,"href":"https:\/\/www.legroupemaurice.com\/en\/wp-json\/wp\/v2\/comments?post=33244"}],"version-history":[{"count":22,"href":"https:\/\/www.legroupemaurice.com\/en\/wp-json\/wp\/v2\/pages\/33244\/revisions"}],"predecessor-version":[{"id":33386,"href":"https:\/\/www.legroupemaurice.com\/en\/wp-json\/wp\/v2\/pages\/33244\/revisions\/33386"}],"wp:featuredmedia":[{"embeddable":true,"href":"https:\/\/www.legroupemaurice.com\/en\/wp-json\/wp\/v2\/media\/33297"}],"wp:attachment":[{"href":"https:\/\/www.legroupemaurice.com\/en\/wp-json\/wp\/v2\/media?parent=33244"}],"curies":[{"name":"wp","href":"https:\/\/api.w.org\/{rel}","templated":true}]}}